{"id":3606,"date":"2021-11-21T15:14:44","date_gmt":"2021-11-21T15:14:44","guid":{"rendered":"https:\/\/somewelho.fi\/contact"},"modified":"2025-03-27T17:55:08","modified_gmt":"2025-03-27T17:55:08","slug":"ota-yhteytta","status":"publish","type":"page","link":"https:\/\/somewelho.fi\/en\/ota-yhteytta\/","title":{"rendered":"Contact me"},"content":{"rendered":"<div data-elementor-type=\"wp-page\" data-elementor-id=\"3606\" class=\"elementor elementor-3606\">\n\t\t\t\t<div class=\"elementor-element elementor-element-696749e e-flex e-con-boxed e-con e-parent\" data-id=\"696749e\" data-element_type=\"container\" data-settings=\"{&quot;background_background&quot;:&quot;classic&quot;}\">\n\t\t\t\t\t<div class=\"e-con-inner\">\n\t\t\t\t<div class=\"elementor-element elementor-element-a50540f elementor-widget elementor-widget-heading\" data-id=\"a50540f\" data-element_type=\"widget\" data-widget_type=\"heading.default\">\n\t\t\t\t<div class=\"elementor-widget-container\">\n\t\t\t\t\t<h1 class=\"elementor-heading-title elementor-size-default\">Contact me<\/h1>\t\t\t\t<\/div>\n\t\t\t\t<\/div>\n\t\t\t\t\t<\/div>\n\t\t\t\t<\/div>\n\t\t<div class=\"elementor-element elementor-element-0835ad5 e-flex e-con-boxed e-con e-parent\" data-id=\"0835ad5\" data-element_type=\"container\" data-settings=\"{&quot;background_background&quot;:&quot;classic&quot;}\">\n\t\t\t\t\t<div class=\"e-con-inner\">\n\t\t\t\t<div class=\"elementor-element elementor-element-4d8dde1 elementor-widget elementor-widget-heading\" data-id=\"4d8dde1\" data-element_type=\"widget\" data-widget_type=\"heading.default\">\n\t\t\t\t<div class=\"elementor-widget-container\">\n\t\t\t\t\t<h2 class=\"elementor-heading-title elementor-size-default\">You will always get a reply<\/h2>\t\t\t\t<\/div>\n\t\t\t\t<\/div>\n\t\t\t\t<div class=\"elementor-element elementor-element-ed79639 elementor-widget elementor-widget-shortcode\" data-id=\"ed79639\" data-element_type=\"widget\" data-widget_type=\"shortcode.default\">\n\t\t\t\t<div class=\"elementor-widget-container\">\n\t\t\t\t\t\t\t<div class=\"elementor-shortcode\"><p class=\"wpcf7-contact-form-not-found\"><strong>Error:<\/strong> Contact form not found.<\/p><\/div>\n\t\t\t\t\t\t<\/div>\n\t\t\t\t<\/div>\n\t\t\t\t\t<\/div>\n\t\t\t\t<\/div>\n\t\t<div class=\"elementor-element elementor-element-347a0e8 e-flex e-con-boxed e-con e-parent\" data-id=\"347a0e8\" data-element_type=\"container\" data-settings=\"{&quot;background_background&quot;:&quot;classic&quot;}\">\n\t\t\t\t\t<div class=\"e-con-inner\">\n\t\t\t\t<div class=\"elementor-element elementor-element-9fd0528 elementor-widget elementor-widget-heading\" data-id=\"9fd0528\" data-element_type=\"widget\" data-widget_type=\"heading.default\">\n\t\t\t\t<div class=\"elementor-widget-container\">\n\t\t\t\t\t<h2 class=\"elementor-heading-title elementor-size-default\">Tehd\u00e4\u00e4n t\u00f6it\u00e4 yhdess\u00e4 - et\u00e4n\u00e4 tai kasvotusten<\/h2>\t\t\t\t<\/div>\n\t\t\t\t<\/div>\n\t\t<div class=\"elementor-element elementor-element-bbaf7c9 e-flex e-con-boxed e-con e-child\" data-id=\"bbaf7c9\" data-element_type=\"container\">\n\t\t\t\t\t<div class=\"e-con-inner\">\n\t\t<div class=\"elementor-element elementor-element-a19a0ac e-con-full e-flex e-con e-child\" data-id=\"a19a0ac\" data-element_type=\"container\">\n\t\t\t\t<div class=\"elementor-element elementor-element-926a9e2 elementor-widget elementor-widget-icon-box\" data-id=\"926a9e2\" data-element_type=\"widget\" data-widget_type=\"icon-box.default\">\n\t\t\t\t<div class=\"elementor-widget-container\">\n\t\t\t\t\t\t\t<div class=\"elementor-icon-box-wrapper\">\n\n\t\t\t\n\t\t\t\t\t\t<div class=\"elementor-icon-box-content\">\n\n\t\t\t\t\t\t\t\t\t<h6 class=\"elementor-icon-box-title\">\n\t\t\t\t\t\t<span  >\n\t\t\t\t\t\t\tE-MAIL\t\t\t\t\t\t<\/span>\n\t\t\t\t\t<\/h6>\n\t\t\t\t\n\t\t\t\t\t\t\t\t\t<p class=\"elementor-icon-box-description\">\n\t\t\t\t\t\tkirsi@somewelho.fi\t\t\t\t\t<\/p>\n\t\t\t\t\n\t\t\t<\/div>\n\t\t\t\n\t\t<\/div>\n\t\t\t\t\t\t<\/div>\n\t\t\t\t<\/div>\n\t\t\t\t<div class=\"elementor-element elementor-element-d1a3f2c elementor-widget elementor-widget-icon-box\" data-id=\"d1a3f2c\" data-element_type=\"widget\" data-widget_type=\"icon-box.default\">\n\t\t\t\t<div class=\"elementor-widget-container\">\n\t\t\t\t\t\t\t<div class=\"elementor-icon-box-wrapper\">\n\n\t\t\t\n\t\t\t\t\t\t<div class=\"elementor-icon-box-content\">\n\n\t\t\t\t\t\t\t\t\t<h6 class=\"elementor-icon-box-title\">\n\t\t\t\t\t\t<a href=\"tel:+358401750589\" >\n\t\t\t\t\t\t\tPHONE\t\t\t\t\t\t<\/a>\n\t\t\t\t\t<\/h6>\n\t\t\t\t\n\t\t\t\t\t\t\t\t\t<p class=\"elementor-icon-box-description\">\n\t\t\t\t\t\t+358 40 1750 589\t\t\t\t\t<\/p>\n\t\t\t\t\n\t\t\t<\/div>\n\t\t\t\n\t\t<\/div>\n\t\t\t\t\t\t<\/div>\n\t\t\t\t<\/div>\n\t\t\t\t<div class=\"elementor-element elementor-element-c37f271 elementor-widget elementor-widget-icon-box\" data-id=\"c37f271\" data-element_type=\"widget\" data-widget_type=\"icon-box.default\">\n\t\t\t\t<div class=\"elementor-widget-container\">\n\t\t\t\t\t\t\t<div class=\"elementor-icon-box-wrapper\">\n\n\t\t\t\n\t\t\t\t\t\t<div class=\"elementor-icon-box-content\">\n\n\t\t\t\t\t\t\t\t\t<h6 class=\"elementor-icon-box-title\">\n\t\t\t\t\t\t<a href=\"http:\/\/www.linkedin.com\/in\/kirsi-immonen-845008236\" >\n\t\t\t\t\t\t\tLINKEDIN\t\t\t\t\t\t<\/a>\n\t\t\t\t\t<\/h6>\n\t\t\t\t\n\t\t\t\t\t\t\t\t\t<p class=\"elementor-icon-box-description\">\n\t\t\t\t\t\tKirsi Immonen\t\t\t\t\t<\/p>\n\t\t\t\t\n\t\t\t<\/div>\n\t\t\t\n\t\t<\/div>\n\t\t\t\t\t\t<\/div>\n\t\t\t\t<\/div>\n\t\t\t\t<\/div>\n\t\t<div class=\"elementor-element elementor-element-e30ec3b e-con-full e-flex e-con e-child\" data-id=\"e30ec3b\" data-element_type=\"container\">\n\t\t\t\t<div class=\"elementor-element elementor-element-0202337 elementor-widget elementor-widget-text-editor\" data-id=\"0202337\" data-element_type=\"widget\" data-widget_type=\"text-editor.default\">\n\t\t\t\t<div class=\"elementor-widget-container\">\n\t\t\t\t\t\t\t\t\t<div class=\"elementor-element elementor-element-0f06356 elementor-widget elementor-widget-text-editor\" data-id=\"0f06356\" data-element_type=\"widget\" data-widget_type=\"text-editor.default\"><div class=\"elementor-widget-container\"><p><strong>Ei ylim\u00e4\u00e4r\u00e4ist\u00e4<\/strong> tarkoittaa juuri sit\u00e4 \u2013 keskittymist\u00e4 olennaiseen. Asiakkaan kohtaamiseen. Ei kasvottomia kontakteja tai pitki\u00e4 artikkeleita.\u00a0<\/p><\/div><\/div>\t\t\t\t\t\t\t\t<\/div>\n\t\t\t\t<\/div>\n\t\t\t\t<div class=\"elementor-element elementor-element-47b9a70 elementor-widget elementor-widget-text-editor\" data-id=\"47b9a70\" data-element_type=\"widget\" data-widget_type=\"text-editor.default\">\n\t\t\t\t<div class=\"elementor-widget-container\">\n\t\t\t\t\t\t\t\t\t<p><strong>Siksi tein sen sinulle helpoksi<\/strong> \u2013 Soita tai laita viesti\u00e4. Keskityt\u00e4\u00e4n olennaiseen ja my\u00f6s pienyritt\u00e4j\u00e4lle sopivaan hintaan.<\/p>\t\t\t\t\t\t\t\t<\/div>\n\t\t\t\t<\/div>\n\t\t\t\t<\/div>\n\t\t\t\t\t<\/div>\n\t\t\t\t<\/div>\n\t\t\t\t\t<\/div>\n\t\t\t\t<\/div>\n\t\t\t\t<\/div>","protected":false},"excerpt":{"rendered":"<p>Ota yhteytt\u00e4 Saat aina vastauksen. Tehd\u00e4\u00e4n t\u00f6it\u00e4 yhdess\u00e4 &#8211; et\u00e4n\u00e4 tai kasvotusten E-MAIL kirsi@somewelho.fi PUHELIN +358 40 1750 589 LINKEDIN Kirsi Immonen Ei ylim\u00e4\u00e4r\u00e4ist\u00e4 tarkoittaa juuri sit\u00e4 \u2013 keskittymist\u00e4 olennaiseen. Asiakkaan kohtaamiseen. Ei kasvottomia kontakteja tai pitki\u00e4 artikkeleita.\u00a0 Siksi tein sen sinulle helpoksi \u2013 Soita tai laita viesti\u00e4. Keskityt\u00e4\u00e4n olennaiseen ja my\u00f6s pienyritt\u00e4j\u00e4lle sopivaan hintaan.<\/p>","protected":false},"author":1,"featured_media":0,"parent":0,"menu_order":0,"comment_status":"closed","ping_status":"closed","template":"","meta":{"_uag_custom_page_level_css":"","site-sidebar-layout":"no-sidebar","site-content-layout":"page-builder","ast-site-content-layout":"full-width-container","site-content-style":"unboxed","site-sidebar-style":"unboxed","ast-global-header-display":"","ast-banner-title-visibility":"","ast-main-header-display":"","ast-hfb-above-header-display":"","ast-hfb-below-header-display":"","ast-hfb-mobile-header-display":"","site-post-title":"disabled","ast-breadcrumbs-content":"","ast-featured-img":"disabled","footer-sml-layout":"","theme-transparent-header-meta":"enabled","adv-header-id-meta":"","stick-header-meta":"","header-above-stick-meta":"","header-main-stick-meta":"","header-below-stick-meta":"","astra-migrate-meta-layouts":"set","ast-page-background-enabled":"default","ast-page-background-meta":{"desktop":{"background-color":"","background-image":"","background-repeat":"repeat","background-position":"center center","background-size":"auto","background-attachment":"scroll","background-type":"","background-media":"","overlay-type":"","overlay-color":"","overlay-opacity":"","overlay-gradient":""},"tablet":{"background-color":"","background-image":"","background-repeat":"repeat","background-position":"center center","background-size":"auto","background-attachment":"scroll","background-type":"","background-media":"","overlay-type":"","overlay-color":"","overlay-opacity":"","overlay-gradient":""},"mobile":{"background-color":"","background-image":"","background-repeat":"repeat","background-position":"center center","background-size":"auto","background-attachment":"scroll","background-type":"","background-media":"","overlay-type":"","overlay-color":"","overlay-opacity":"","overlay-gradient":""}},"ast-content-background-meta":{"desktop":{"background-color":"var(--ast-global-color-5)","background-image":"","background-repeat":"repeat","background-position":"center center","background-size":"auto","background-attachment":"scroll","background-type":"","background-media":"","overlay-type":"","overlay-color":"","overlay-opacity":"","overlay-gradient":""},"tablet":{"background-color":"var(--ast-global-color-5)","background-image":"","background-repeat":"repeat","background-position":"center center","background-size":"auto","background-attachment":"scroll","background-type":"","background-media":"","overlay-type":"","overlay-color":"","overlay-opacity":"","overlay-gradient":""},"mobile":{"background-color":"var(--ast-global-color-5)","background-image":"","background-repeat":"repeat","background-position":"center center","background-size":"auto","background-attachment":"scroll","background-type":"","background-media":"","overlay-type":"","overlay-color":"","overlay-opacity":"","overlay-gradient":""}},"_joinchat":[],"footnotes":""},"class_list":["post-3606","page","type-page","status-publish","hentry"],"yoast_head":"<!-- This site is optimized with the Yoast SEO plugin v27.5 - https:\/\/yoast.com\/product\/yoast-seo-wordpress\/ -->\n<title>Ota yhteytt\u00e4 - Somewelho.fi<\/title>\n<meta name=\"robots\" content=\"index, follow, max-snippet:-1, max-image-preview:large, max-video-preview:-1\" \/>\n<link rel=\"canonical\" href=\"https:\/\/somewelho.fi\/en\/ota-yhteytta\/\" \/>\n<meta property=\"og:locale\" content=\"en_US\" \/>\n<meta property=\"og:type\" content=\"article\" \/>\n<meta property=\"og:title\" content=\"Ota yhteytt\u00e4 - Somewelho.fi\" \/>\n<meta property=\"og:description\" content=\"Ota yhteytt\u00e4 Saat aina vastauksen. Tehd\u00e4\u00e4n t\u00f6it\u00e4 yhdess\u00e4 &#8211; et\u00e4n\u00e4 tai kasvotusten E-MAIL kirsi@somewelho.fi PUHELIN +358 40 1750 589 LINKEDIN Kirsi Immonen Ei ylim\u00e4\u00e4r\u00e4ist\u00e4 tarkoittaa juuri sit\u00e4 \u2013 keskittymist\u00e4 olennaiseen. Asiakkaan kohtaamiseen. Ei kasvottomia kontakteja tai pitki\u00e4 artikkeleita.\u00a0 Siksi tein sen sinulle helpoksi \u2013 Soita tai laita viesti\u00e4. Keskityt\u00e4\u00e4n olennaiseen ja my\u00f6s pienyritt\u00e4j\u00e4lle sopivaan hintaan.\" \/>\n<meta property=\"og:url\" content=\"https:\/\/somewelho.fi\/en\/ota-yhteytta\/\" \/>\n<meta property=\"og:site_name\" content=\"Somewelho.fi\" \/>\n<meta property=\"article:modified_time\" content=\"2025-03-27T17:55:08+00:00\" \/>\n<meta name=\"twitter:card\" content=\"summary_large_image\" \/>\n<meta name=\"twitter:label1\" content=\"Est. reading time\" \/>\n\t<meta name=\"twitter:data1\" content=\"1 minute\" \/>\n<script type=\"application\/ld+json\" class=\"yoast-schema-graph\">{\"@context\":\"https:\\\/\\\/schema.org\",\"@graph\":[{\"@type\":\"WebPage\",\"@id\":\"https:\\\/\\\/somewelho.fi\\\/ota-yhteytta\\\/\",\"url\":\"https:\\\/\\\/somewelho.fi\\\/ota-yhteytta\\\/\",\"name\":\"Ota yhteytt\u00e4 - Somewelho.fi\",\"isPartOf\":{\"@id\":\"https:\\\/\\\/somewelho.fi\\\/#website\"},\"datePublished\":\"2021-11-21T15:14:44+00:00\",\"dateModified\":\"2025-03-27T17:55:08+00:00\",\"breadcrumb\":{\"@id\":\"https:\\\/\\\/somewelho.fi\\\/ota-yhteytta\\\/#breadcrumb\"},\"inLanguage\":\"en-US\",\"potentialAction\":[{\"@type\":\"ReadAction\",\"target\":[\"https:\\\/\\\/somewelho.fi\\\/ota-yhteytta\\\/\"]}]},{\"@type\":\"BreadcrumbList\",\"@id\":\"https:\\\/\\\/somewelho.fi\\\/ota-yhteytta\\\/#breadcrumb\",\"itemListElement\":[{\"@type\":\"ListItem\",\"position\":1,\"name\":\"Etusivu\",\"item\":\"https:\\\/\\\/somewelho.fi\\\/\"},{\"@type\":\"ListItem\",\"position\":2,\"name\":\"Ota yhteytt\u00e4\"}]},{\"@type\":\"WebSite\",\"@id\":\"https:\\\/\\\/somewelho.fi\\\/#website\",\"url\":\"https:\\\/\\\/somewelho.fi\\\/\",\"name\":\"Uudet kotisivut helposti - Somewelho\",\"description\":\"\",\"publisher\":{\"@id\":\"https:\\\/\\\/somewelho.fi\\\/#organization\"},\"potentialAction\":[{\"@type\":\"SearchAction\",\"target\":{\"@type\":\"EntryPoint\",\"urlTemplate\":\"https:\\\/\\\/somewelho.fi\\\/?s={search_term_string}\"},\"query-input\":{\"@type\":\"PropertyValueSpecification\",\"valueRequired\":true,\"valueName\":\"search_term_string\"}}],\"inLanguage\":\"en-US\"},{\"@type\":\"Organization\",\"@id\":\"https:\\\/\\\/somewelho.fi\\\/#organization\",\"name\":\"Somewelho\",\"url\":\"https:\\\/\\\/somewelho.fi\\\/\",\"logo\":{\"@type\":\"ImageObject\",\"inLanguage\":\"en-US\",\"@id\":\"https:\\\/\\\/somewelho.fi\\\/#\\\/schema\\\/logo\\\/image\\\/\",\"url\":\"https:\\\/\\\/somewelho.fi\\\/wp-content\\\/uploads\\\/2024\\\/01\\\/somewelho-logo-small.png\",\"contentUrl\":\"https:\\\/\\\/somewelho.fi\\\/wp-content\\\/uploads\\\/2024\\\/01\\\/somewelho-logo-small.png\",\"width\":375,\"height\":113,\"caption\":\"Somewelho\"},\"image\":{\"@id\":\"https:\\\/\\\/somewelho.fi\\\/#\\\/schema\\\/logo\\\/image\\\/\"}}]}<\/script>\n<!-- \/ Yoast SEO plugin. -->","yoast_head_json":{"title":"Ota yhteytt\u00e4 - Somewelho.fi","robots":{"index":"index","follow":"follow","max-snippet":"max-snippet:-1","max-image-preview":"max-image-preview:large","max-video-preview":"max-video-preview:-1"},"canonical":"https:\/\/somewelho.fi\/en\/ota-yhteytta\/","og_locale":"en_US","og_type":"article","og_title":"Ota yhteytt\u00e4 - Somewelho.fi","og_description":"Ota yhteytt\u00e4 Saat aina vastauksen. Tehd\u00e4\u00e4n t\u00f6it\u00e4 yhdess\u00e4 &#8211; et\u00e4n\u00e4 tai kasvotusten E-MAIL kirsi@somewelho.fi PUHELIN +358 40 1750 589 LINKEDIN Kirsi Immonen Ei ylim\u00e4\u00e4r\u00e4ist\u00e4 tarkoittaa juuri sit\u00e4 \u2013 keskittymist\u00e4 olennaiseen. Asiakkaan kohtaamiseen. Ei kasvottomia kontakteja tai pitki\u00e4 artikkeleita.\u00a0 Siksi tein sen sinulle helpoksi \u2013 Soita tai laita viesti\u00e4. Keskityt\u00e4\u00e4n olennaiseen ja my\u00f6s pienyritt\u00e4j\u00e4lle sopivaan hintaan.","og_url":"https:\/\/somewelho.fi\/en\/ota-yhteytta\/","og_site_name":"Somewelho.fi","article_modified_time":"2025-03-27T17:55:08+00:00","twitter_card":"summary_large_image","twitter_misc":{"Est. reading time":"1 minute"},"schema":{"@context":"https:\/\/schema.org","@graph":[{"@type":"WebPage","@id":"https:\/\/somewelho.fi\/ota-yhteytta\/","url":"https:\/\/somewelho.fi\/ota-yhteytta\/","name":"Ota yhteytt\u00e4 - Somewelho.fi","isPartOf":{"@id":"https:\/\/somewelho.fi\/#website"},"datePublished":"2021-11-21T15:14:44+00:00","dateModified":"2025-03-27T17:55:08+00:00","breadcrumb":{"@id":"https:\/\/somewelho.fi\/ota-yhteytta\/#breadcrumb"},"inLanguage":"en-US","potentialAction":[{"@type":"ReadAction","target":["https:\/\/somewelho.fi\/ota-yhteytta\/"]}]},{"@type":"BreadcrumbList","@id":"https:\/\/somewelho.fi\/ota-yhteytta\/#breadcrumb","itemListElement":[{"@type":"ListItem","position":1,"name":"Etusivu","item":"https:\/\/somewelho.fi\/"},{"@type":"ListItem","position":2,"name":"Ota yhteytt\u00e4"}]},{"@type":"WebSite","@id":"https:\/\/somewelho.fi\/#website","url":"https:\/\/somewelho.fi\/","name":"Uudet kotisivut helposti - Somewelho","description":"","publisher":{"@id":"https:\/\/somewelho.fi\/#organization"},"potentialAction":[{"@type":"SearchAction","target":{"@type":"EntryPoint","urlTemplate":"https:\/\/somewelho.fi\/?s={search_term_string}"},"query-input":{"@type":"PropertyValueSpecification","valueRequired":true,"valueName":"search_term_string"}}],"inLanguage":"en-US"},{"@type":"Organization","@id":"https:\/\/somewelho.fi\/#organization","name":"Somewelho","url":"https:\/\/somewelho.fi\/","logo":{"@type":"ImageObject","inLanguage":"en-US","@id":"https:\/\/somewelho.fi\/#\/schema\/logo\/image\/","url":"https:\/\/somewelho.fi\/wp-content\/uploads\/2024\/01\/somewelho-logo-small.png","contentUrl":"https:\/\/somewelho.fi\/wp-content\/uploads\/2024\/01\/somewelho-logo-small.png","width":375,"height":113,"caption":"Somewelho"},"image":{"@id":"https:\/\/somewelho.fi\/#\/schema\/logo\/image\/"}}]}},"uagb_featured_image_src":{"full":false,"thumbnail":false,"medium":false,"medium_large":false,"large":false,"1536x1536":false,"2048x2048":false,"trp-custom-language-flag":false,"woocommerce_thumbnail":false,"woocommerce_single":false,"woocommerce_gallery_thumbnail":false},"uagb_author_info":{"display_name":"Admin","author_link":"https:\/\/somewelho.fi\/en\/author\/admin\/"},"uagb_comment_info":0,"uagb_excerpt":"Ota yhteytt\u00e4 Saat aina vastauksen. Tehd\u00e4\u00e4n t\u00f6it\u00e4 yhdess\u00e4 &#8211; et\u00e4n\u00e4 tai kasvotusten E-MAIL kirsi@somewelho.fi PUHELIN +358 40 1750 589 LINKEDIN Kirsi Immonen Ei ylim\u00e4\u00e4r\u00e4ist\u00e4 tarkoittaa juuri sit\u00e4 \u2013 keskittymist\u00e4 olennaiseen. Asiakkaan kohtaamiseen. Ei kasvottomia kontakteja tai pitki\u00e4 artikkeleita.\u00a0 Siksi tein sen sinulle helpoksi \u2013 Soita tai laita viesti\u00e4. Keskityt\u00e4\u00e4n olennaiseen ja my\u00f6s pienyritt\u00e4j\u00e4lle sopivaan hintaan.","_links":{"self":[{"href":"https:\/\/somewelho.fi\/en\/wp-json\/wp\/v2\/pages\/3606","targetHints":{"allow":["GET"]}}],"collection":[{"href":"https:\/\/somewelho.fi\/en\/wp-json\/wp\/v2\/pages"}],"about":[{"href":"https:\/\/somewelho.fi\/en\/wp-json\/wp\/v2\/types\/page"}],"author":[{"embeddable":true,"href":"https:\/\/somewelho.fi\/en\/wp-json\/wp\/v2\/users\/1"}],"replies":[{"embeddable":true,"href":"https:\/\/somewelho.fi\/en\/wp-json\/wp\/v2\/comments?post=3606"}],"version-history":[{"count":0,"href":"https:\/\/somewelho.fi\/en\/wp-json\/wp\/v2\/pages\/3606\/revisions"}],"wp:attachment":[{"href":"https:\/\/somewelho.fi\/en\/wp-json\/wp\/v2\/media?parent=3606"}],"curies":[{"name":"wp","href":"https:\/\/api.w.org\/{rel}","templated":true}]}}